{"id":16,"date":"2022-10-13T08:06:14","date_gmt":"2022-10-13T08:06:14","guid":{"rendered":"http:\/\/refur.verdgildi.is\/properties\/"},"modified":"2025-04-01T13:22:01","modified_gmt":"2025-04-01T13:22:01","slug":"properties","status":"publish","type":"page","link":"https:\/\/volva.geirdal.is\/?page_id=16","title":{"rendered":"S\u00f6luskr\u00e1"},"content":{"rendered":"\n<div class=\"wp-block-uagb-container uagb-block-56622c3f alignfull uagb-is-root-container\"><div class=\"uagb-container-inner-blocks-wrap\">\n<div class=\"wp-block-uagb-buttons uagb-buttons__outer-wrap uagb-btn__default-btn uagb-btn-tablet__default-btn uagb-btn-mobile__default-btn uagb-block-d813929a\" id=\"opid\"><div class=\"uagb-buttons__wrap uagb-buttons-layout-wrap \">\n<div class=\"wp-block-uagb-buttons-child uagb-buttons__outer-wrap uagb-block-b9ac1dce wp-block-button\"><div class=\"uagb-button__wrapper\"><a class=\"uagb-buttons-repeater wp-block-button__link\" aria-label=\"\" href=\"#open\" rel=\"nofollow noopener\" target=\"_self\" role=\"button\"><div class=\"uagb-button__link\">OPI\u00d0 H\u00daS<\/div><\/a><\/div><\/div>\n<\/div><\/div>\n\n\n\n<div class=\"wp-block-uagb-advanced-heading uagb-block-f71d20cd\"><h1 class=\"uagb-heading-text\">S\u00f6luskr\u00e1<\/h1><\/div>\n\n\n\n<div class=\"wp-block-uagb-buttons uagb-buttons__outer-wrap uagb-btn__default-btn uagb-btn-tablet__default-btn uagb-btn-mobile__default-btn uagb-block-f6f6bc93\"><div class=\"uagb-buttons__wrap uagb-buttons-layout-wrap \">\n<div class=\"wp-block-uagb-buttons-child uagb-buttons__outer-wrap uagb-block-cfc3e160 wp-block-button\"><div class=\"uagb-button__wrapper\"><a class=\"uagb-buttons-repeater wp-block-button__link\" aria-label=\"\" href=\"https:\/\/volva.geirdal.is\/?page_id=12\" rel=\"nofollow noopener\" target=\"_self\" role=\"button\"><div class=\"uagb-button__link\">+354 555 4444 &#8211; PlanBee@fasteignamidlun.com &#8211; Laugavegur 59, 101 Rvk.<\/div><\/a><\/div><\/div>\n<\/div><\/div>\n<\/div><\/div>\n\n\n\n<div class=\"wp-block-uagb-container uagb-block-d3e436eb alignfull uagb-is-root-container\">\n<div class=\"wp-block-uagb-info-box uagb-block-14c0c324 uagb-infobox__content-wrap  uagb-infobox-icon-above-title uagb-infobox-image-valign-top\"><div class=\"uagb-ifb-content\"><div class=\"uagb-ifb-title-wrap\"><span class=\"uagb-ifb-title-prefix\">PlanBee kynnir<\/span><h2 class=\"uagb-ifb-title\">Til s\u00f6lu<\/h2><\/div><\/div><\/div>\n\n\n\n\t\t\t<div class=\"wp-block-uagb-post-grid uagb-post-grid  uagb-post__image-position-top uagb-post__image-enabled uagb-block-44d31019     uagb-post__items uagb-post__columns-4 is-grid uagb-post__columns-tablet-2 uagb-post__columns-mobile-1 uagb-post__equal-height\" data-total=\"1\" style=\"\">\n\n\t\t\t\t\t\t\t\t\t\t\t\t<article class=\"uagb-post__inner-wrap\">\t\t\t\t\t\t\t\t<div class='uagb-post__image'>\n\t\t\t\t\t\t\t\t\t<a href=\"https:\/\/volva.geirdal.is\/?page_id=1010\" target=\"_self\" rel=\"bookmark noopener noreferrer\" class='uagb-image-ratio-2-3'><img loading=\"lazy\" decoding=\"async\" width=\"1024\" height=\"683\" src=\"https:\/\/volva.geirdal.is\/wp-content\/uploads\/2024\/04\/01-5-1024x683.jpg\" class=\"attachment-large size-large\" alt=\"\" srcset=\"https:\/\/volva.geirdal.is\/wp-content\/uploads\/2024\/04\/01-5-1024x683.jpg 1024w, https:\/\/volva.geirdal.is\/wp-content\/uploads\/2024\/04\/01-5-300x200.jpg 300w, https:\/\/volva.geirdal.is\/wp-content\/uploads\/2024\/04\/01-5-768x512.jpg 768w, https:\/\/volva.geirdal.is\/wp-content\/uploads\/2024\/04\/01-5-1536x1024.jpg 1536w, https:\/\/volva.geirdal.is\/wp-content\/uploads\/2024\/04\/01-5.jpg 1600w\" sizes=\"auto, (max-width: 1024px) 100vw, 1024px\" \/>\t\t\t\t\t<\/a>\n\t\t\t\t\t\t\t<\/div>\n\t\t\t\t\t\t<h4 class=\"uagb-post__title uagb-post__text\">\n\t\t\t\t<a href=\"https:\/\/volva.geirdal.is\/?page_id=1010\" target=\"_self\" rel=\"bookmark noopener noreferrer\">Su\u00f0urgata 8a,  101 Reykjav\u00edk Parh\u00fas<\/a>\n\t\t\t<\/h4>\n\t\t\t\t\t\t<div class='uagb-post__text uagb-post-grid-byline'>\n\t\t\t\t\t\t\t<\/div>\n\t\t\t\t\t\t\t<div class='uagb-post__text uagb-post__excerpt'>\n\t\t\t\t\t<p>239.700.000 kr. &#8211; 293,9 m\u00b2&#8230;\t\t\t\t<\/div>\n\t\t\t\t\t\t<div class=\"uagb-post__text uagb-post__cta wp-block-button\">\n\t\t\t\t<a class=\"wp-block-button__link uagb-text-link\" style=\"\" href=\"https:\/\/volva.geirdal.is\/?page_id=1010\" target=\"_self\" rel=\"bookmark noopener noreferrer\">Sko\u00f0a n\u00e1nar<\/a>\n\t\t\t<\/div>\n\t\t\t\n\t\t\t\t\t\t\t\t\t<\/article>\n\t\t\t\t\t\t\t\t\t\t\t\t\t\t\t\t<article class=\"uagb-post__inner-wrap\">\t\t\t\t\t\t\t\t<div class='uagb-post__image'>\n\t\t\t\t\t\t\t\t\t<a href=\"https:\/\/volva.geirdal.is\/?page_id=967\" target=\"_self\" rel=\"bookmark noopener noreferrer\" class='uagb-image-ratio-2-3'><img loading=\"lazy\" decoding=\"async\" width=\"1024\" height=\"576\" src=\"https:\/\/volva.geirdal.is\/wp-content\/uploads\/2024\/04\/01-4-1024x576.jpg\" class=\"attachment-large size-large\" alt=\"\" srcset=\"https:\/\/volva.geirdal.is\/wp-content\/uploads\/2024\/04\/01-4-1024x576.jpg 1024w, https:\/\/volva.geirdal.is\/wp-content\/uploads\/2024\/04\/01-4-300x169.jpg 300w, https:\/\/volva.geirdal.is\/wp-content\/uploads\/2024\/04\/01-4-768x432.jpg 768w, https:\/\/volva.geirdal.is\/wp-content\/uploads\/2024\/04\/01-4-1536x864.jpg 1536w, https:\/\/volva.geirdal.is\/wp-content\/uploads\/2024\/04\/01-4.jpg 1600w\" sizes=\"auto, (max-width: 1024px) 100vw, 1024px\" \/>\t\t\t\t\t<\/a>\n\t\t\t\t\t\t\t<\/div>\n\t\t\t\t\t\t<h4 class=\"uagb-post__title uagb-post__text\">\n\t\t\t\t<a href=\"https:\/\/volva.geirdal.is\/?page_id=967\" target=\"_self\" rel=\"bookmark noopener noreferrer\">Br\u00e1karsund 5,  310 Borgarnes Fj\u00f6lb\u00fdlish\u00fas &#8211; d<\/a>\n\t\t\t<\/h4>\n\t\t\t\t\t\t<div class='uagb-post__text uagb-post-grid-byline'>\n\t\t\t\t\t\t\t<\/div>\n\t\t\t\t\t\t\t<div class='uagb-post__text uagb-post__excerpt'>\n\t\t\t\t\t<p>64.900.000 kr. &#8211; 91,9 m\u00b2&#8230;\t\t\t\t<\/div>\n\t\t\t\t\t\t<div class=\"uagb-post__text uagb-post__cta wp-block-button\">\n\t\t\t\t<a class=\"wp-block-button__link uagb-text-link\" style=\"\" href=\"https:\/\/volva.geirdal.is\/?page_id=967\" target=\"_self\" rel=\"bookmark noopener noreferrer\">Sko\u00f0a n\u00e1nar<\/a>\n\t\t\t<\/div>\n\t\t\t\n\t\t\t\t\t\t\t\t\t<\/article>\n\t\t\t\t\t\t\t\t\t\t\t\t\t\t\t\t<article class=\"uagb-post__inner-wrap\">\t\t\t\t\t\t\t\t<div class='uagb-post__image'>\n\t\t\t\t\t\t\t\t\t<a href=\"https:\/\/volva.geirdal.is\/?page_id=926\" target=\"_self\" rel=\"bookmark noopener noreferrer\" class='uagb-image-ratio-2-3'><img loading=\"lazy\" decoding=\"async\" width=\"1024\" height=\"576\" src=\"https:\/\/volva.geirdal.is\/wp-content\/uploads\/2024\/04\/01-3-1024x576.jpg\" class=\"attachment-large size-large\" alt=\"\" srcset=\"https:\/\/volva.geirdal.is\/wp-content\/uploads\/2024\/04\/01-3-1024x576.jpg 1024w, https:\/\/volva.geirdal.is\/wp-content\/uploads\/2024\/04\/01-3-300x169.jpg 300w, https:\/\/volva.geirdal.is\/wp-content\/uploads\/2024\/04\/01-3-768x432.jpg 768w, https:\/\/volva.geirdal.is\/wp-content\/uploads\/2024\/04\/01-3-1536x864.jpg 1536w, https:\/\/volva.geirdal.is\/wp-content\/uploads\/2024\/04\/01-3.jpg 1600w\" sizes=\"auto, (max-width: 1024px) 100vw, 1024px\" \/>\t\t\t\t\t<\/a>\n\t\t\t\t\t\t\t<\/div>\n\t\t\t\t\t\t<h4 class=\"uagb-post__title uagb-post__text\">\n\t\t\t\t<a href=\"https:\/\/volva.geirdal.is\/?page_id=926\" target=\"_self\" rel=\"bookmark noopener noreferrer\">Br\u00e1karsund 5,  310 Borgarnes Fj\u00f6lb\u00fdlish\u00fas &#8211; c<\/a>\n\t\t\t<\/h4>\n\t\t\t\t\t\t<div class='uagb-post__text uagb-post-grid-byline'>\n\t\t\t\t\t\t\t<\/div>\n\t\t\t\t\t\t\t<div class='uagb-post__text uagb-post__excerpt'>\n\t\t\t\t\t<p>64.200.000 kr. &#8211; 91,9 m\u00b2&#8230;\t\t\t\t<\/div>\n\t\t\t\t\t\t<div class=\"uagb-post__text uagb-post__cta wp-block-button\">\n\t\t\t\t<a class=\"wp-block-button__link uagb-text-link\" style=\"\" href=\"https:\/\/volva.geirdal.is\/?page_id=926\" target=\"_self\" rel=\"bookmark noopener noreferrer\">Sko\u00f0a n\u00e1nar<\/a>\n\t\t\t<\/div>\n\t\t\t\n\t\t\t\t\t\t\t\t\t<\/article>\n\t\t\t\t\t\t\t\t\t\t\t\t\t\t\t\t<article class=\"uagb-post__inner-wrap\">\t\t\t\t\t\t\t\t<div class='uagb-post__image'>\n\t\t\t\t\t\t\t\t\t<a href=\"https:\/\/volva.geirdal.is\/?page_id=830\" target=\"_self\" rel=\"bookmark noopener noreferrer\" class='uagb-image-ratio-2-3'><img loading=\"lazy\" decoding=\"async\" width=\"1024\" height=\"683\" src=\"https:\/\/volva.geirdal.is\/wp-content\/uploads\/2024\/04\/01-1-1024x683.jpg\" class=\"attachment-large size-large\" alt=\"\" srcset=\"https:\/\/volva.geirdal.is\/wp-content\/uploads\/2024\/04\/01-1-1024x683.jpg 1024w, https:\/\/volva.geirdal.is\/wp-content\/uploads\/2024\/04\/01-1-300x200.jpg 300w, https:\/\/volva.geirdal.is\/wp-content\/uploads\/2024\/04\/01-1-768x512.jpg 768w, https:\/\/volva.geirdal.is\/wp-content\/uploads\/2024\/04\/01-1-1536x1024.jpg 1536w, https:\/\/volva.geirdal.is\/wp-content\/uploads\/2024\/04\/01-1.jpg 1600w\" sizes=\"auto, (max-width: 1024px) 100vw, 1024px\" \/>\t\t\t\t\t<\/a>\n\t\t\t\t\t\t\t<\/div>\n\t\t\t\t\t\t<h4 class=\"uagb-post__title uagb-post__text\">\n\t\t\t\t<a href=\"https:\/\/volva.geirdal.is\/?page_id=830\" target=\"_self\" rel=\"bookmark noopener noreferrer\">Br\u00e1karsund 5,  310 Borgarnes Fj\u00f6lb\u00fdlish\u00fas &#8211; b<\/a>\n\t\t\t<\/h4>\n\t\t\t\t\t\t<div class='uagb-post__text uagb-post-grid-byline'>\n\t\t\t\t\t\t\t<\/div>\n\t\t\t\t\t\t\t<div class='uagb-post__text uagb-post__excerpt'>\n\t\t\t\t\t<p>64.200.000 kr. &#8211; 91,9 m\u00b2&#8230;\t\t\t\t<\/div>\n\t\t\t\t\t\t<div class=\"uagb-post__text uagb-post__cta wp-block-button\">\n\t\t\t\t<a class=\"wp-block-button__link uagb-text-link\" style=\"\" href=\"https:\/\/volva.geirdal.is\/?page_id=830\" target=\"_self\" rel=\"bookmark noopener noreferrer\">Sko\u00f0a n\u00e1nar<\/a>\n\t\t\t<\/div>\n\t\t\t\n\t\t\t\t\t\t\t\t\t<\/article>\n\t\t\t\t\t\t\t\t\t\t\t\t\t\t\t\t<article class=\"uagb-post__inner-wrap\">\t\t\t\t\t\t\t\t<div class='uagb-post__image'>\n\t\t\t\t\t\t\t\t\t<a href=\"https:\/\/volva.geirdal.is\/?page_id=789\" target=\"_self\" rel=\"bookmark noopener noreferrer\" class='uagb-image-ratio-2-3'><img loading=\"lazy\" decoding=\"async\" width=\"1024\" height=\"683\" src=\"https:\/\/volva.geirdal.is\/wp-content\/uploads\/2024\/04\/01-1024x683.jpg\" class=\"attachment-large size-large\" alt=\"\" srcset=\"https:\/\/volva.geirdal.is\/wp-content\/uploads\/2024\/04\/01-1024x683.jpg 1024w, https:\/\/volva.geirdal.is\/wp-content\/uploads\/2024\/04\/01-300x200.jpg 300w, https:\/\/volva.geirdal.is\/wp-content\/uploads\/2024\/04\/01-768x512.jpg 768w, https:\/\/volva.geirdal.is\/wp-content\/uploads\/2024\/04\/01-1536x1024.jpg 1536w, https:\/\/volva.geirdal.is\/wp-content\/uploads\/2024\/04\/01.jpg 1600w\" sizes=\"auto, (max-width: 1024px) 100vw, 1024px\" \/>\t\t\t\t\t<\/a>\n\t\t\t\t\t\t\t<\/div>\n\t\t\t\t\t\t<h4 class=\"uagb-post__title uagb-post__text\">\n\t\t\t\t<a href=\"https:\/\/volva.geirdal.is\/?page_id=789\" target=\"_self\" rel=\"bookmark noopener noreferrer\">Br\u00e1karsund 5,  310 Borgarnes Fj\u00f6lb\u00fdlish\u00fas &#8211; a<\/a>\n\t\t\t<\/h4>\n\t\t\t\t\t\t<div class='uagb-post__text uagb-post-grid-byline'>\n\t\t\t\t\t\t\t<\/div>\n\t\t\t\t\t\t\t<div class='uagb-post__text uagb-post__excerpt'>\n\t\t\t\t\t<p>64.900.000 kr. &#8211; 91,9 m\u00b2&#8230;\t\t\t\t<\/div>\n\t\t\t\t\t\t<div class=\"uagb-post__text uagb-post__cta wp-block-button\">\n\t\t\t\t<a class=\"wp-block-button__link uagb-text-link\" style=\"\" href=\"https:\/\/volva.geirdal.is\/?page_id=789\" target=\"_self\" rel=\"bookmark noopener noreferrer\">Sko\u00f0a n\u00e1nar<\/a>\n\t\t\t<\/div>\n\t\t\t\n\t\t\t\t\t\t\t\t\t<\/article>\n\t\t\t\t\t\t\t\t\t\t\t<\/div>\n\t\t\t<\/div>\n\n\n\n<div class=\"wp-block-uagb-container uagb-block-eb5bbcbb alignfull uagb-is-root-container\">\n<div class=\"wp-block-uagb-info-box uagb-block-d95f90af uagb-infobox__content-wrap  uagb-infobox-icon-above-title uagb-infobox-image-valign-top\"><div class=\"uagb-ifb-content\"><div class=\"uagb-ifb-title-wrap\"><span class=\"uagb-ifb-title-prefix\">PlanBee kynnir<\/span><h2 class=\"uagb-ifb-title\">Seldar eignir<\/h2><\/div><\/div><\/div>\n\n\n\n\t\t\t<div class=\"wp-block-uagb-post-grid uagb-post-grid  uagb-post__image-position-top uagb-post__image-enabled uagb-block-d9adc6d9     uagb-post__items uagb-post__columns-4 is-grid uagb-post__columns-tablet-2 uagb-post__columns-mobile-1 uagb-post__equal-height\" data-total=\"0\" style=\"\">\n\n\t\t\t\t\t\t\t\t\t<p class=\"uagb-post__no-posts\">\n\t\t\t\t\t\tNo post found!\t\t\t\t\t<\/p>\n\t\t\t\t\t\t\t\t<\/div>\n\t\t\t<\/div>\n\n\n\n<p><\/p>\n","protected":false},"excerpt":{"rendered":"<p>S\u00f6luskr\u00e1<\/p>\n","protected":false},"author":1,"featured_media":0,"parent":0,"menu_order":0,"comment_status":"closed","ping_status":"closed","template":"","meta":{"_uag_custom_page_level_css":"","site-sidebar-layout":"default","site-content-layout":"","ast-site-content-layout":"default","site-content-style":"default","site-sidebar-style":"default","ast-global-header-display":"","ast-banner-title-visibility":"","ast-main-header-display":"","ast-hfb-above-header-display":"","ast-hfb-below-header-display":"","ast-hfb-mobile-header-display":"","site-post-title":"disabled","ast-breadcrumbs-content":"","ast-featured-img":"","footer-sml-layout":"","theme-transparent-header-meta":"enabled","adv-header-id-meta":"","stick-header-meta":"","header-above-stick-meta":"","header-main-stick-meta":"","header-below-stick-meta":"","astra-migrate-meta-layouts":"set","ast-page-background-enabled":"default","ast-page-background-meta":{"desktop":{"background-color":"var(--ast-global-color-4)","background-image":"","background-repeat":"repeat","background-position":"center center","background-size":"auto","background-attachment":"scroll","background-type":"","background-media":"","overlay-type":"","overlay-color":"","overlay-opacity":"","overlay-gradient":""},"tablet":{"background-color":"","background-image":"","background-repeat":"repeat","background-position":"center center","background-size":"auto","background-attachment":"scroll","background-type":"","background-media":"","overlay-type":"","overlay-color":"","overlay-opacity":"","overlay-gradient":""},"mobile":{"background-color":"","background-image":"","background-repeat":"repeat","background-position":"center center","background-size":"auto","background-attachment":"scroll","background-type":"","background-media":"","overlay-type":"","overlay-color":"","overlay-opacity":"","overlay-gradient":""}},"ast-content-background-meta":{"desktop":{"background-color":"var(--ast-global-color-5)","background-image":"","background-repeat":"repeat","background-position":"center center","background-size":"auto","background-attachment":"scroll","background-type":"","background-media":"","overlay-type":"","overlay-color":"","overlay-opacity":"","overlay-gradient":""},"tablet":{"background-color":"var(--ast-global-color-5)","background-image":"","background-repeat":"repeat","background-position":"center center","background-size":"auto","background-attachment":"scroll","background-type":"","background-media":"","overlay-type":"","overlay-color":"","overlay-opacity":"","overlay-gradient":""},"mobile":{"background-color":"var(--ast-global-color-5)","background-image":"","background-repeat":"repeat","background-position":"center center","background-size":"auto","background-attachment":"scroll","background-type":"","background-media":"","overlay-type":"","overlay-color":"","overlay-opacity":"","overlay-gradient":""}},"footnotes":""},"class_list":["post-16","page","type-page","status-publish","hentry"],"uagb_featured_image_src":{"full":false,"thumbnail":false,"medium":false,"medium_large":false,"large":false,"1536x1536":false,"2048x2048":false},"uagb_author_info":{"display_name":"tobi","author_link":"https:\/\/volva.geirdal.is\/?author=1"},"uagb_comment_info":0,"uagb_excerpt":"S\u00f6luskr\u00e1","_links":{"self":[{"href":"https:\/\/volva.geirdal.is\/index.php?rest_route=\/wp\/v2\/pages\/16","targetHints":{"allow":["GET"]}}],"collection":[{"href":"https:\/\/volva.geirdal.is\/index.php?rest_route=\/wp\/v2\/pages"}],"about":[{"href":"https:\/\/volva.geirdal.is\/index.php?rest_route=\/wp\/v2\/types\/page"}],"author":[{"embeddable":true,"href":"https:\/\/volva.geirdal.is\/index.php?rest_route=\/wp\/v2\/users\/1"}],"replies":[{"embeddable":true,"href":"https:\/\/volva.geirdal.is\/index.php?rest_route=%2Fwp%2Fv2%2Fcomments&post=16"}],"version-history":[{"count":56,"href":"https:\/\/volva.geirdal.is\/index.php?rest_route=\/wp\/v2\/pages\/16\/revisions"}],"predecessor-version":[{"id":1376,"href":"https:\/\/volva.geirdal.is\/index.php?rest_route=\/wp\/v2\/pages\/16\/revisions\/1376"}],"wp:attachment":[{"href":"https:\/\/volva.geirdal.is\/index.php?rest_route=%2Fwp%2Fv2%2Fmedia&parent=16"}],"curies":[{"name":"wp","href":"https:\/\/api.w.org\/{rel}","templated":true}]}}